{"id":12,"date":"2016-12-04T08:49:02","date_gmt":"2016-12-04T08:49:02","guid":{"rendered":"http:\/\/www.ziegenzucht-rottal-inn.de\/wordpress\/?page_id=12"},"modified":"2026-03-25T11:32:53","modified_gmt":"2026-03-25T11:32:53","slug":"homepage","status":"publish","type":"page","link":"https:\/\/www.ziegenzucht-rottal-inn.de\/wordpress\/","title":{"rendered":"Homepage"},"content":{"rendered":"<div id=\"pl-12\"  class=\"panel-layout\" ><div id=\"pg-12-0\"  class=\"panel-grid panel-no-style\" ><div id=\"pgc-12-0-0\"  class=\"panel-grid-cell panel-grid-cell-empty\" ><\/div><\/div><div id=\"pg-12-1\"  class=\"panel-grid panel-no-style\" ><div id=\"pgc-12-1-0\"  class=\"panel-grid-cell\" ><div id=\"panel-12-1-0-0\" class=\"so-panel widget widget_sow-editor panel-first-child panel-last-child\" data-index=\"0\" ><div class=\"panel-widget-style panel-widget-style-for-12-1-0-0\" ><div\n\t\t\t\n\t\t\tclass=\"so-widget-sow-editor so-widget-sow-editor-base\"\n\t\t\t\n\t\t>\n<div class=\"siteorigin-widget-tinymce textwidget\">\n\t<h3><img loading=\"lazy\" decoding=\"async\" class=\"aligncenter wp-image-5345\" src=\"https:\/\/www.ziegenzucht-rottal-inn.de\/wordpress\/wp-content\/uploads\/2023\/08\/20230615_100353-scaled-e1691701478878.jpg\" alt=\"\" width=\"225\" height=\"309\" srcset=\"https:\/\/www.ziegenzucht-rottal-inn.de\/wordpress\/wp-content\/uploads\/2023\/08\/20230615_100353-scaled-e1691701478878.jpg 1728w, https:\/\/www.ziegenzucht-rottal-inn.de\/wordpress\/wp-content\/uploads\/2023\/08\/20230615_100353-scaled-e1691701478878-219x300.jpg 219w, https:\/\/www.ziegenzucht-rottal-inn.de\/wordpress\/wp-content\/uploads\/2023\/08\/20230615_100353-scaled-e1691701478878-746x1024.jpg 746w, https:\/\/www.ziegenzucht-rottal-inn.de\/wordpress\/wp-content\/uploads\/2023\/08\/20230615_100353-scaled-e1691701478878-768x1054.jpg 768w, https:\/\/www.ziegenzucht-rottal-inn.de\/wordpress\/wp-content\/uploads\/2023\/08\/20230615_100353-scaled-e1691701478878-1119x1536.jpg 1119w, https:\/\/www.ziegenzucht-rottal-inn.de\/wordpress\/wp-content\/uploads\/2023\/08\/20230615_100353-scaled-e1691701478878-1492x2048.jpg 1492w\" sizes=\"auto, (max-width: 225px) 100vw, 225px\" \/><\/h3>\n<\/div>\n<\/div><\/div><\/div><\/div><div id=\"pgc-12-1-1\"  class=\"panel-grid-cell\" ><div id=\"panel-12-1-1-0\" class=\"so-panel widget widget_sow-editor panel-first-child panel-last-child\" data-index=\"1\" ><div class=\"panel-widget-style panel-widget-style-for-12-1-1-0\" ><div\n\t\t\t\n\t\t\tclass=\"so-widget-sow-editor so-widget-sow-editor-base\"\n\t\t\t\n\t\t>\n<div class=\"siteorigin-widget-tinymce textwidget\">\n\t<p>Liebe Besucherinnen und Besucher,<\/p>\n<p>wir leben in der \"niederbayerischen Toskana\", im sch\u00f6nen Rottal, auf einem Sacherl<br \/>\nnah dem Fluss \"Rott\". Neben einer kleinen Herde BDE-Ziegen, Bunte Deutsche Edel-<br \/>\nziege, im Farbtyp Frankenziege, die wir in Herdbuch z\u00fcchten, halten wir ganzj\u00e4hrig<br \/>\nLegeh\u00fchner, Katzen und saisonal Nutzgefl\u00fcgel (pausiert!).<\/p>\n<p>Auf den weiteren Seiten der Homepage gibt es mehr \u00fcber unsere Tiere und uns zu<br \/>\nerfahren. Wir w\u00fcnschen beim Durchst\u00f6bern, Informieren und Lesen viel Freude \ud83d\ude42<\/p>\n<p>Karin &amp; Alois Erber<\/p>\n<\/div>\n<\/div><\/div><\/div><\/div><\/div><\/div>","protected":false},"excerpt":{"rendered":"<p>Liebe Besucherinnen und Besucher, wir leben in der &#8222;niederbayerischen Toskana&#8220;, im sch\u00f6nen Rottal, auf einem Sacherl nah dem Fluss &#8222;Rott&#8220;. Neben einer kleinen Herde BDE-Ziegen, Bunte Deutsche Edel- ziege, im Farbtyp Frankenziege, die wir in Herdbuch z\u00fcchten, halten wir ganzj\u00e4hrig Legeh\u00fchner, Katzen und saisonal Nutzgefl\u00fcgel (pausiert!). Auf den weiteren Seiten der Homepage gibt es mehr [&hellip;]<\/p>\n","protected":false},"author":1,"featured_media":0,"parent":0,"menu_order":0,"comment_status":"closed","ping_status":"closed","template":"home-panels.php","meta":{"footnotes":""},"class_list":["post-12","page","type-page","status-publish","hentry","post"],"_links":{"self":[{"href":"https:\/\/www.ziegenzucht-rottal-inn.de\/wordpress\/wp-json\/wp\/v2\/pages\/12","targetHints":{"allow":["GET"]}}],"collection":[{"href":"https:\/\/www.ziegenzucht-rottal-inn.de\/wordpress\/wp-json\/wp\/v2\/pages"}],"about":[{"href":"https:\/\/www.ziegenzucht-rottal-inn.de\/wordpress\/wp-json\/wp\/v2\/types\/page"}],"author":[{"embeddable":true,"href":"https:\/\/www.ziegenzucht-rottal-inn.de\/wordpress\/wp-json\/wp\/v2\/users\/1"}],"replies":[{"embeddable":true,"href":"https:\/\/www.ziegenzucht-rottal-inn.de\/wordpress\/wp-json\/wp\/v2\/comments?post=12"}],"version-history":[{"count":30,"href":"https:\/\/www.ziegenzucht-rottal-inn.de\/wordpress\/wp-json\/wp\/v2\/pages\/12\/revisions"}],"predecessor-version":[{"id":7315,"href":"https:\/\/www.ziegenzucht-rottal-inn.de\/wordpress\/wp-json\/wp\/v2\/pages\/12\/revisions\/7315"}],"wp:attachment":[{"href":"https:\/\/www.ziegenzucht-rottal-inn.de\/wordpress\/wp-json\/wp\/v2\/media?parent=12"}],"curies":[{"name":"wp","href":"https:\/\/api.w.org\/{rel}","templated":true}]}}